{"id":6133,"date":"2017-10-25T09:26:29","date_gmt":"2017-10-25T09:26:29","guid":{"rendered":"http:\/\/infrisabermeo.com\/es\/?page_id=6133"},"modified":"2025-09-29T08:14:23","modified_gmt":"2025-09-29T07:14:23","slug":"quienes-somos","status":"publish","type":"page","link":"http:\/\/infrisabermeo.com\/es\/quienes-somos\/","title":{"rendered":"Qui\u00e9nes somos"},"content":{"rendered":"<section class=\"l-section wpb_row height_huge color_primary with_img parallax_ver\"><div class=\"l-section-img\" role=\"img\" data-img-width=\"2048\" data-img-height=\"1367\" style=\"background-image: url(http:\/\/infrisabermeo.com\/es\/wp-content\/uploads\/2018\/09\/chuttersnap-318028-unsplash.jpg);background-position: bottom center;\"><\/div><div class=\"l-section-overlay\" style=\"background:rgba(30,30,30,0.75)\"><\/div><div class=\"l-section-h i-cf\"><div class=\"g-cols vc_row via_grid cols_1 laptops-cols_inherit tablets-cols_inherit mobiles-cols_1 valign_top type_default stacking_default\"><div class=\"wpb_column vc_column_container\"><div class=\"vc_column-inner\"><div class=\"wpb_text_column\"><div class=\"wpb_wrapper\"><h1 style=\"text-align: center;\">Especialistas en el sector pesquero<\/h1>\n<\/div><\/div><\/div><\/div><\/div><\/div><\/section><section class=\"l-section wpb_row height_large with_img\" id=\"intro\"><div class=\"l-section-img\" role=\"img\" data-img-width=\"346\" data-img-height=\"386\" style=\"background-image: url(http:\/\/infrisabermeo.com\/es\/wp-content\/uploads\/2018\/09\/snowflake-2.png);background-position: center left;background-repeat: no-repeat;background-size: auto;\"><\/div><div class=\"l-section-h i-cf\"><div class=\"g-cols vc_row via_grid cols_2 laptops-cols_inherit tablets-cols_inherit mobiles-cols_1 valign_top type_default stacking_default\"><div class=\"wpb_column vc_column_container\"><div class=\"vc_column-inner\"><div class=\"wpb_text_column\"><div class=\"wpb_wrapper\"><h3>Un poco de <strong>historia<\/strong>&#8230;<\/h3>\n<p>Infrisa nace en 1963 al amparo del puerto de Bermeo, con el objetivo de potenciar el comercio de productos pesqueros congelados de m\u00e1xima calidad.<\/p>\n<p>Esta larga experiencia en el sector pesquero nos permite a\u00f1adir a nuestra actividad la comercializaci\u00f3n de pescado entero y semielaborado proveniente de flotas nacionales e internacionales que operan en los m\u00e1s variados y ricos caladeros del mundo. Adem\u00e1s\u00a0ofrecemos servicios de congelaci\u00f3n y almacenamiento en c\u00e1maras frigor\u00edficas.<\/p>\n<\/div><\/div><\/div><\/div><div class=\"wpb_column vc_column_container\"><div class=\"vc_column-inner\"><div class=\"w-image align_none\"><div class=\"w-image-h\"><img decoding=\"async\" width=\"1024\" height=\"768\" src=\"http:\/\/infrisabermeo.com\/es\/wp-content\/uploads\/2018\/09\/infrisa-instalaciones-1-1024x768-1-1024x768.jpg\" class=\"attachment-large size-large\" alt=\"\" loading=\"lazy\" srcset=\"http:\/\/infrisabermeo.com\/es\/wp-content\/uploads\/2018\/09\/infrisa-instalaciones-1-1024x768-1.jpg 1024w, http:\/\/infrisabermeo.com\/es\/wp-content\/uploads\/2018\/09\/infrisa-instalaciones-1-1024x768-1-300x225.jpg 300w, http:\/\/infrisabermeo.com\/es\/wp-content\/uploads\/2018\/09\/infrisa-instalaciones-1-1024x768-1-768x576.jpg 768w, http:\/\/infrisabermeo.com\/es\/wp-content\/uploads\/2018\/09\/infrisa-instalaciones-1-1024x768-1-600x450.jpg 600w\" sizes=\"auto, (max-width: 1024px) 100vw, 1024px\" \/><\/div><\/div><\/div><\/div><\/div><\/div><\/section><!-- Row Backgrounds --><section class=\"l-section wpb_row height_medium color_alternate\"><div class=\"l-section-h i-cf\"><div class=\"g-cols vc_row via_grid cols_4 laptops-cols_inherit tablets-cols_inherit mobiles-cols_1 valign_top type_default stacking_default\"><div class=\"wpb_column vc_column_container\"><div class=\"vc_column-inner\"><div class=\"w-counter us_custom_75a45f8e color_primary align_center has_font_size\" data-duration=\"2\"><div class=\"w-counter-value\"><span class=\"w-counter-value-part type_text\" data-final=\"\"><\/span><span class=\"w-counter-value-part type_number\" data-final=\"55\">0<\/span><span class=\"w-counter-value-part type_text\" data-final=\" a\u00f1os\"> a\u00f1os<\/span><\/div><h5 class=\"w-counter-title\"><strong>Experiencia<\/strong><\/h5><\/div><\/div><\/div><div class=\"wpb_column vc_column_container\"><div class=\"vc_column-inner\"><div class=\"w-counter us_custom_75a45f8e color_primary align_center has_font_size\" data-duration=\"2\"><div class=\"w-counter-value\"><span class=\"w-counter-value-part type_text\" data-final=\"\"><\/span><span class=\"w-counter-value-part type_number\" data-final=\"11.500\">5.000<\/span><span class=\"w-counter-value-part type_text\" data-final=\"m\u00b3\">m\u00b3<\/span><\/div><h5 class=\"w-counter-title\"><strong>Conservaci\u00f3n<\/strong><\/h5><\/div><\/div><\/div><div class=\"wpb_column vc_column_container\"><div class=\"vc_column-inner\"><div class=\"w-counter us_custom_75a45f8e color_primary align_center has_font_size\" data-duration=\"2\"><div class=\"w-counter-value\"><span class=\"w-counter-value-part type_text\" data-final=\"\"><\/span><span class=\"w-counter-value-part type_number\" data-final=\"1.500\">0<\/span><span class=\"w-counter-value-part type_text\" data-final=\"m\u00b3\">m\u00b3<\/span><\/div><h5 class=\"w-counter-title\"><strong>Refrigerado<\/strong><\/h5><\/div><\/div><\/div><div class=\"wpb_column vc_column_container\"><div class=\"vc_column-inner\"><div class=\"w-counter us_custom_75a45f8e color_primary align_center has_font_size\" data-duration=\"2\"><div class=\"w-counter-value\"><span class=\"w-counter-value-part type_text\" data-final=\"\"><\/span><span class=\"w-counter-value-part type_number\" data-final=\"950\">0<\/span><span class=\"w-counter-value-part type_text\" data-final=\"m\u00b2\">m\u00b2<\/span><\/div><h5 class=\"w-counter-title\"><strong>Clasificaci\u00f3n<\/strong><\/h5><\/div><\/div><\/div><\/div><\/div><\/section><section class=\"l-section wpb_row height_medium color_primary\"><div class=\"l-section-h i-cf\"><div class=\"g-cols vc_row via_grid cols_1 laptops-cols_inherit tablets-cols_inherit mobiles-cols_1 valign_top type_default stacking_default\"><div class=\"wpb_column vc_column_container\"><div class=\"vc_column-inner\"><div class=\"w-actionbox color_primary controls_right\"><div class=\"w-actionbox-text\"><h2 class=\"w-actionbox-title\" style=\"font-size:h3\">M\u00e1xima calidad a la m\u00ednima temperatura<\/h2><\/div><div class=\"w-actionbox-controls\"><a class=\"w-btn us-btn-style_5 icon_atleft\" href=\"http:\/\/infrisabermeo.com\/es\/contacto\/\" style=\"font-size:20px;\"><i class=\"fas fa-envelope-open\"><\/i><span class=\"w-btn-label\">CONTACTAR<\/span><\/a><\/div><\/div><\/div><\/div><\/div><\/div><\/section>\n","protected":false},"excerpt":{"rendered":"Especialistas en el sector pesquero Un poco de historia&#8230; Infrisa nace en 1963 al amparo del puerto de Bermeo, con el objetivo de potenciar el comercio de productos pesqueros congelados de m\u00e1xima calidad. Esta larga experiencia en el sector pesquero nos permite a\u00f1adir a nuestra actividad la comercializaci\u00f3n de pescado entero y semielaborado proveniente de...","protected":false},"author":3,"featured_media":0,"parent":0,"menu_order":0,"comment_status":"closed","ping_status":"closed","template":"","meta":{"footnotes":""},"class_list":["post-6133","page","type-page","status-publish","hentry"],"yoast_head":"<!-- This site is optimized with the Yoast SEO plugin v26.0 - https:\/\/yoast.com\/wordpress\/plugins\/seo\/ -->\n<title>Especialistas en el sector pesquero - INFRISA BERMEO<\/title>\n<meta name=\"description\" content=\"Infrisa nace en 1963 al amparo del puerto de Bermeo con el objetivo de potenciar el comercio de productos pesqueros congelados de m\u00e1xima calidad.\" \/>\n<meta name=\"robots\" content=\"index, follow, max-snippet:-1, max-image-preview:large, max-video-preview:-1\" \/>\n<link rel=\"canonical\" href=\"http:\/\/infrisabermeo.com\/es\/quienes-somos\/\" \/>\n<meta property=\"og:locale\" content=\"es_ES\" \/>\n<meta property=\"og:type\" content=\"article\" \/>\n<meta property=\"og:title\" content=\"Especialistas en el sector pesquero - INFRISA BERMEO\" \/>\n<meta property=\"og:description\" content=\"Infrisa nace en 1963 al amparo del puerto de Bermeo con el objetivo de potenciar el comercio de productos pesqueros congelados de m\u00e1xima calidad.\" \/>\n<meta property=\"og:url\" content=\"http:\/\/infrisabermeo.com\/es\/quienes-somos\/\" \/>\n<meta property=\"og:site_name\" content=\"Infrisa Bermeo\" \/>\n<meta property=\"article:modified_time\" content=\"2025-09-29T07:14:23+00:00\" \/>\n<meta name=\"twitter:card\" content=\"summary_large_image\" \/>\n<meta name=\"twitter:label1\" content=\"Tiempo de lectura\" \/>\n\t<meta name=\"twitter:data1\" content=\"2 minutos\" \/>\n<script type=\"application\/ld+json\" class=\"yoast-schema-graph\">{\"@context\":\"https:\/\/schema.org\",\"@graph\":[{\"@type\":\"WebPage\",\"@id\":\"http:\/\/infrisabermeo.com\/es\/quienes-somos\/\",\"url\":\"http:\/\/infrisabermeo.com\/es\/quienes-somos\/\",\"name\":\"Especialistas en el sector pesquero - INFRISA BERMEO\",\"isPartOf\":{\"@id\":\"http:\/\/infrisabermeo.com\/es\/#website\"},\"datePublished\":\"2017-10-25T09:26:29+00:00\",\"dateModified\":\"2025-09-29T07:14:23+00:00\",\"description\":\"Infrisa nace en 1963 al amparo del puerto de Bermeo con el objetivo de potenciar el comercio de productos pesqueros congelados de m\u00e1xima calidad.\",\"breadcrumb\":{\"@id\":\"http:\/\/infrisabermeo.com\/es\/quienes-somos\/#breadcrumb\"},\"inLanguage\":\"es\",\"potentialAction\":[{\"@type\":\"ReadAction\",\"target\":[\"http:\/\/infrisabermeo.com\/es\/quienes-somos\/\"]}]},{\"@type\":\"BreadcrumbList\",\"@id\":\"http:\/\/infrisabermeo.com\/es\/quienes-somos\/#breadcrumb\",\"itemListElement\":[{\"@type\":\"ListItem\",\"position\":1,\"name\":\"Portada\",\"item\":\"http:\/\/infrisabermeo.com\/es\/\"},{\"@type\":\"ListItem\",\"position\":2,\"name\":\"Qui\u00e9nes somos\"}]},{\"@type\":\"WebSite\",\"@id\":\"http:\/\/infrisabermeo.com\/es\/#website\",\"url\":\"http:\/\/infrisabermeo.com\/es\/\",\"name\":\"Infrisa Bermeo\",\"description\":\"\",\"potentialAction\":[{\"@type\":\"SearchAction\",\"target\":{\"@type\":\"EntryPoint\",\"urlTemplate\":\"http:\/\/infrisabermeo.com\/es\/?s={search_term_string}\"},\"query-input\":{\"@type\":\"PropertyValueSpecification\",\"valueRequired\":true,\"valueName\":\"search_term_string\"}}],\"inLanguage\":\"es\"}]}<\/script>\n<!-- \/ Yoast SEO plugin. -->","yoast_head_json":{"title":"Especialistas en el sector pesquero - INFRISA BERMEO","description":"Infrisa nace en 1963 al amparo del puerto de Bermeo con el objetivo de potenciar el comercio de productos pesqueros congelados de m\u00e1xima calidad.","robots":{"index":"index","follow":"follow","max-snippet":"max-snippet:-1","max-image-preview":"max-image-preview:large","max-video-preview":"max-video-preview:-1"},"canonical":"http:\/\/infrisabermeo.com\/es\/quienes-somos\/","og_locale":"es_ES","og_type":"article","og_title":"Especialistas en el sector pesquero - INFRISA BERMEO","og_description":"Infrisa nace en 1963 al amparo del puerto de Bermeo con el objetivo de potenciar el comercio de productos pesqueros congelados de m\u00e1xima calidad.","og_url":"http:\/\/infrisabermeo.com\/es\/quienes-somos\/","og_site_name":"Infrisa Bermeo","article_modified_time":"2025-09-29T07:14:23+00:00","twitter_card":"summary_large_image","twitter_misc":{"Tiempo de lectura":"2 minutos"},"schema":{"@context":"https:\/\/schema.org","@graph":[{"@type":"WebPage","@id":"http:\/\/infrisabermeo.com\/es\/quienes-somos\/","url":"http:\/\/infrisabermeo.com\/es\/quienes-somos\/","name":"Especialistas en el sector pesquero - INFRISA BERMEO","isPartOf":{"@id":"http:\/\/infrisabermeo.com\/es\/#website"},"datePublished":"2017-10-25T09:26:29+00:00","dateModified":"2025-09-29T07:14:23+00:00","description":"Infrisa nace en 1963 al amparo del puerto de Bermeo con el objetivo de potenciar el comercio de productos pesqueros congelados de m\u00e1xima calidad.","breadcrumb":{"@id":"http:\/\/infrisabermeo.com\/es\/quienes-somos\/#breadcrumb"},"inLanguage":"es","potentialAction":[{"@type":"ReadAction","target":["http:\/\/infrisabermeo.com\/es\/quienes-somos\/"]}]},{"@type":"BreadcrumbList","@id":"http:\/\/infrisabermeo.com\/es\/quienes-somos\/#breadcrumb","itemListElement":[{"@type":"ListItem","position":1,"name":"Portada","item":"http:\/\/infrisabermeo.com\/es\/"},{"@type":"ListItem","position":2,"name":"Qui\u00e9nes somos"}]},{"@type":"WebSite","@id":"http:\/\/infrisabermeo.com\/es\/#website","url":"http:\/\/infrisabermeo.com\/es\/","name":"Infrisa Bermeo","description":"","potentialAction":[{"@type":"SearchAction","target":{"@type":"EntryPoint","urlTemplate":"http:\/\/infrisabermeo.com\/es\/?s={search_term_string}"},"query-input":{"@type":"PropertyValueSpecification","valueRequired":true,"valueName":"search_term_string"}}],"inLanguage":"es"}]}},"_links":{"self":[{"href":"http:\/\/infrisabermeo.com\/es\/wp-json\/wp\/v2\/pages\/6133","targetHints":{"allow":["GET"]}}],"collection":[{"href":"http:\/\/infrisabermeo.com\/es\/wp-json\/wp\/v2\/pages"}],"about":[{"href":"http:\/\/infrisabermeo.com\/es\/wp-json\/wp\/v2\/types\/page"}],"author":[{"embeddable":true,"href":"http:\/\/infrisabermeo.com\/es\/wp-json\/wp\/v2\/users\/3"}],"replies":[{"embeddable":true,"href":"http:\/\/infrisabermeo.com\/es\/wp-json\/wp\/v2\/comments?post=6133"}],"version-history":[{"count":76,"href":"http:\/\/infrisabermeo.com\/es\/wp-json\/wp\/v2\/pages\/6133\/revisions"}],"predecessor-version":[{"id":6953,"href":"http:\/\/infrisabermeo.com\/es\/wp-json\/wp\/v2\/pages\/6133\/revisions\/6953"}],"wp:attachment":[{"href":"http:\/\/infrisabermeo.com\/es\/wp-json\/wp\/v2\/media?parent=6133"}],"curies":[{"name":"wp","href":"https:\/\/api.w.org\/{rel}","templated":true}]}}