{"id":6820,"date":"2018-09-11T14:55:18","date_gmt":"2018-09-11T13:55:18","guid":{"rendered":"http:\/\/infrisabermeo.com\/es\/?page_id=6820"},"modified":"2025-09-29T08:14:08","modified_gmt":"2025-09-29T07:14:08","slug":"politica-de-privacidad","status":"publish","type":"page","link":"http:\/\/infrisabermeo.com\/es\/politica-de-privacidad\/","title":{"rendered":"Pol\u00edtica de privacidad"},"content":{"rendered":"<section class=\"l-section wpb_row height_huge color_primary with_img\"><div class=\"l-section-img\" role=\"img\" data-img-width=\"2020\" data-img-height=\"1515\" style=\"background-image: url(http:\/\/infrisabermeo.com\/es\/wp-content\/uploads\/2018\/09\/infrisa.jpg);\"><\/div><div class=\"l-section-h i-cf\"><div class=\"g-cols vc_row via_grid cols_1 laptops-cols_inherit tablets-cols_inherit mobiles-cols_1 valign_top type_default stacking_default\"><div class=\"wpb_column vc_column_container\"><div class=\"vc_column-inner\"><div class=\"wpb_text_column\"><div class=\"wpb_wrapper\"><h1 style=\"text-align: center;\">Pol\u00edtica de privacidad<\/h1>\n<\/div><\/div><\/div><\/div><\/div><\/div><\/section><section class=\"l-section wpb_row height_medium\"><div class=\"l-section-h i-cf\"><div class=\"g-cols vc_row via_grid cols_1 laptops-cols_inherit tablets-cols_inherit mobiles-cols_1 valign_top type_default stacking_default\"><div class=\"wpb_column vc_column_container\"><div class=\"vc_column-inner\"><div class=\"wpb_text_column\"><div class=\"wpb_wrapper\"><h3><strong>Confidencialidad y Protecci\u00f3n de Datos<\/strong><\/h3>\n<p>A efecto de lo previsto en RGPD de 27 de abril de 2016, INDUSTRIA DEL FRIO AUXILIAR CONSERVERA SAU informa al Usuario de la existencia de un tratamiento automatizado de datos de car\u00e1cter personal creado por y para INDUSTRIA DEL FRIO AUXILIAR CONSERVERA SAU y bajo su responsabilidad, con la finalidad de realizar el mantenimiento y gesti\u00f3n de la relaci\u00f3n con el Usuario, as\u00ed como las labores de informaci\u00f3n. En el momento de la aceptaci\u00f3n de las presentes condiciones generales, INDUSTRIA DEL FRIO AUXILIAR CONSERVERA SAU precisar\u00e1 del Usuario la recogida de unos datos imprescindibles para la prestaci\u00f3n de sus servicios.<\/p>\n<h3><strong>Registro de ficheros y formularios<\/strong><\/h3>\n<p>La cumplimentaci\u00f3n del formulario de registro es obligatoria para acceder y disfrutar de determinados servicios ofrecidos en la web. El no facilitar los datos personales solicitados o el no aceptar la presente pol\u00edtica de protecci\u00f3n de datos supone la imposibilidad de suscribirse, registrarse o participar en cualquiera de las promociones en las que se soliciten datos car\u00e1cter personal.<\/p>\n<p>A efecto de lo previsto en RGPD de 27 de abril de 2016, le informamos que los datos personales que se obtengan como consecuencia de su registro como Usuario, ser\u00e1n incorporados a un fichero titularidad de INDUSTRIA DEL FRIO AUXILIAR CONSERVERA SAUcon C.I.F A48034482y domicilio en BARRIO ARTIKE 23 , BERMEO, 48370, BIZKAIA, teniendo implementadas las medidas de seguridad establecidas en el Real Decreto 1720\/2007, de 11 de junio.<\/p>\n<h3><strong>Exactitud y veracidad de los datos facilitados<\/strong><\/h3>\n<p>El Usuario es el \u00fanico responsable de la veracidad y correcci\u00f3n de los datos incluidos, exoner\u00e1ndose INDUSTRIA DEL FRIO AUXILIAR CONSERVERA SAUde cualquier responsabilidad al respecto. Los usuarios garantizan y responden, en cualquier caso, de la exactitud, vigencia y autenticidad de los datos personales facilitados, y se comprometen a mantenerlos debidamente actualizados. El usuario acepta proporcionar informaci\u00f3n completa y correcta en el formulario de registro o suscripci\u00f3n. INDUSTRIA DEL FRIO AUXILIAR CONSERVERA SAUno responde de la veracidad de las informaciones que no sean de elaboraci\u00f3n propia y de las que se indique otra fuente, por lo que tampoco asume responsabilidad alguna en cuanto a hipot\u00e9ticos perjuicios que pudieran originarse por el uso de dicha informaci\u00f3n. INDUSTRIA DEL FRIO AUXILIAR CONSERVERA SAUse reserva el derecho a actualizar, modificar o eliminar la informaci\u00f3n contenida en sus p\u00e1ginas web pudiendo incluso limitar o no permitir el acceso a dicha informaci\u00f3n. Se exonera a INDUSTRIA DEL FRIO AUXILIAR CONSERVERA SAU de responsabilidad ante cualquier da\u00f1o o perjuicio que pudiera sufrir el Usuario como consecuencia de errores, defectos u omisiones, en la informaci\u00f3n facilitada por INDUSTRIA DEL FRIO AUXILIAR CONSERVERA SAUsiempre que proceda de fuentes ajenas a INDUSTRIA DEL FRIO AUXILIAR CONSERVERA SAU.<\/p>\n<h3><strong>Cookies<\/strong><\/h3>\n<p>El sitio www.infrisabermeo.comno utiliza cookies, considerando tales ficheros f\u00edsicos de informaci\u00f3n alojados en el propio terminal del usuario y sirven para facilitar la navegaci\u00f3n del usuario por el portal. De todas formas, el usuario tiene la posibilidad de configurar el navegador de tal modo que impida la instalaci\u00f3n de estos archivos.<\/p>\n<h3><strong>Finalidades<\/strong><\/h3>\n<p>Las finalidades de INDUSTRIA DEL FRIO AUXILIAR CONSERVERA SAUson el mantenimiento y gesti\u00f3n de la relaci\u00f3n con el Usuario, as\u00ed como las labores de informaci\u00f3n.<\/p>\n<h3><strong>Menores de edad<\/strong><\/h3>\n<p>En el supuesto que algunos de nuestros servicios vayan dirigidos espec\u00edficamente a menores de edad, INDUSTRIA DEL FRIO AUXILIAR CONSERVERA SAU solicitar\u00e1 la conformidad de los padres o tutores para la recogida de los datos personales o, en su caso, para el tratamiento automatizado de los datos.<\/p>\n<h3><strong>Cesi\u00f3n de datos a terceros<\/strong><\/h3>\n<p>INDUSTRIA DEL FRIO AUXILIAR CONSERVERA SAU no realizar\u00e1 cesi\u00f3n de datos de los usuarios a terceros.<\/p>\n<h3><strong>Ejercicio de derechos de acceso, rectificaci\u00f3n, cancelaci\u00f3n y oposici\u00f3n<\/strong><\/h3>\n<p>Podr\u00e1 dirigir sus comunicaciones y ejercitar los derechos de acceso, rectificaci\u00f3n, supresi\u00f3n, limitaci\u00f3n, portabilidad y oposici\u00f3n en la direcci\u00f3n de Internet a www.infrisabermeo.com o bien por correo ordinario dirigido a INDUSTRIA DEL FRIO AUXILIAR CONSERVERA SAU, Ref. RGPD, en BARRIO ARTIKE 23 , BERMEO, 48370, BIZKAIA. Para ejercer dichos derechos es necesario que usted acredite su personalidad frente a INDUSTRIA DEL FRIO AUXILIAR CONSERVERA SAU mediante el env\u00edo de fotocopia de Documento Nacional de Identidad o cualquier otro medio v\u00e1lido en Derecho. No obstante, la modificaci\u00f3n o rectificaci\u00f3n de sus datos de registro se podr\u00e1 realizar en el propio Site identific\u00e1ndose, previamente, con su usuario y contrase\u00f1a.<\/p>\n<h3><strong>Medidas de seguridad<\/strong><\/h3>\n<p>INDUSTRIA DEL FRIO AUXILIAR CONSERVERA SAU\u00a0\u00a0 ha adoptado los niveles de seguridad de protecci\u00f3n de los Datos Personales legalmente requeridos, y procuran instalar aquellos otros medios y medidas t\u00e9cnicas adicionales a su alcance para evitar la p\u00e9rdida, mal uso, alteraci\u00f3n, acceso no autorizado y robo de los Datos Personales facilitados a INDUSTRIA DEL FRIO AUXILIAR CONSERVERA SAUno ser\u00e1 responsable de posibles da\u00f1os o perjuicios que se pudieran derivar de interferencias, omisiones, interrupciones, virus inform\u00e1ticos, aver\u00edas telef\u00f3nicas o desconexiones en el funcionamiento operativo de este sistema electr\u00f3nico, motivadas por causas ajenas a INDUSTRIA DEL FRIO AUXILIAR CONSERVERA SAU; de retrasos o bloqueos en el uso del presente sistema electr\u00f3nico causados por deficiencias o sobrecargas de l\u00edneas telef\u00f3nicas o sobrecargas en el Centro de Procesos de Datos, en el sistema de Internet o en otros sistemas electr\u00f3nicos, as\u00ed como de da\u00f1os que puedan ser causados por terceras personas mediante intromisiones ileg\u00edtimas fuera del control de INDUSTRIA DEL FRIO AUXILIAR CONSERVERA SAU. Ello, no obstante, el Usuario debe ser consciente de que las medidas de seguridad en Internet no son inexpugnables.<\/p>\n<h3><strong>Aceptaci\u00f3n y consentimiento<\/strong><\/h3>\n<p>El usuario declara haber sido informado de las condiciones sobre protecci\u00f3n de datos personales, aceptando y consintiendo el tratamiento automatizado de los mismos por parte de INDUSTRIA DEL FRIO AUXILIAR CONSERVERA SAU, en la forma y para las finalidades indicadas en la presente Pol\u00edtica de Protecci\u00f3n de Datos Personales. Ciertos servicios prestados en el Portal pueden contener condiciones particulares con previsiones espec\u00edficas en materia de protecci\u00f3n de Datos Personales.<\/p>\n<p><strong>\u00a0<\/strong><\/p>\n<\/div><\/div><\/div><\/div><\/div><\/div><\/section>\n","protected":false},"excerpt":{"rendered":"Pol\u00edtica de privacidad Confidencialidad y Protecci\u00f3n de Datos A efecto de lo previsto en RGPD de 27 de abril de 2016, INDUSTRIA DEL FRIO AUXILIAR CONSERVERA SAU informa al Usuario de la existencia de un tratamiento automatizado de datos de car\u00e1cter personal creado por y para INDUSTRIA DEL FRIO AUXILIAR CONSERVERA SAU y bajo su...","protected":false},"author":3,"featured_media":0,"parent":0,"menu_order":0,"comment_status":"closed","ping_status":"closed","template":"","meta":{"footnotes":""},"class_list":["post-6820","page","type-page","status-publish","hentry"],"yoast_head":"<!-- This site is optimized with the Yoast SEO plugin v26.0 - https:\/\/yoast.com\/wordpress\/plugins\/seo\/ -->\n<title>Pol\u00edtica de privacidad - Infrisa Bermeo<\/title>\n<meta name=\"robots\" content=\"index, follow, max-snippet:-1, max-image-preview:large, max-video-preview:-1\" \/>\n<link rel=\"canonical\" href=\"https:\/\/infrisabermeo.com\/es\/politica-de-privacidad\/\" \/>\n<meta property=\"og:locale\" content=\"es_ES\" \/>\n<meta property=\"og:type\" content=\"article\" \/>\n<meta property=\"og:title\" content=\"Pol\u00edtica de privacidad - Infrisa Bermeo\" \/>\n<meta property=\"og:url\" content=\"https:\/\/infrisabermeo.com\/es\/politica-de-privacidad\/\" \/>\n<meta property=\"og:site_name\" content=\"Infrisa Bermeo\" \/>\n<meta property=\"article:modified_time\" content=\"2025-09-29T07:14:08+00:00\" \/>\n<meta name=\"twitter:card\" content=\"summary_large_image\" \/>\n<meta name=\"twitter:label1\" content=\"Tiempo de lectura\" \/>\n\t<meta name=\"twitter:data1\" content=\"5 minutos\" \/>\n<script type=\"application\/ld+json\" class=\"yoast-schema-graph\">{\"@context\":\"https:\/\/schema.org\",\"@graph\":[{\"@type\":\"WebPage\",\"@id\":\"https:\/\/infrisabermeo.com\/es\/politica-de-privacidad\/\",\"url\":\"https:\/\/infrisabermeo.com\/es\/politica-de-privacidad\/\",\"name\":\"Pol\u00edtica de privacidad - Infrisa Bermeo\",\"isPartOf\":{\"@id\":\"http:\/\/infrisabermeo.com\/es\/#website\"},\"datePublished\":\"2018-09-11T13:55:18+00:00\",\"dateModified\":\"2025-09-29T07:14:08+00:00\",\"breadcrumb\":{\"@id\":\"https:\/\/infrisabermeo.com\/es\/politica-de-privacidad\/#breadcrumb\"},\"inLanguage\":\"es\",\"potentialAction\":[{\"@type\":\"ReadAction\",\"target\":[\"https:\/\/infrisabermeo.com\/es\/politica-de-privacidad\/\"]}]},{\"@type\":\"BreadcrumbList\",\"@id\":\"https:\/\/infrisabermeo.com\/es\/politica-de-privacidad\/#breadcrumb\",\"itemListElement\":[{\"@type\":\"ListItem\",\"position\":1,\"name\":\"Portada\",\"item\":\"http:\/\/infrisabermeo.com\/es\/\"},{\"@type\":\"ListItem\",\"position\":2,\"name\":\"Pol\u00edtica de privacidad\"}]},{\"@type\":\"WebSite\",\"@id\":\"http:\/\/infrisabermeo.com\/es\/#website\",\"url\":\"http:\/\/infrisabermeo.com\/es\/\",\"name\":\"Infrisa Bermeo\",\"description\":\"\",\"potentialAction\":[{\"@type\":\"SearchAction\",\"target\":{\"@type\":\"EntryPoint\",\"urlTemplate\":\"http:\/\/infrisabermeo.com\/es\/?s={search_term_string}\"},\"query-input\":{\"@type\":\"PropertyValueSpecification\",\"valueRequired\":true,\"valueName\":\"search_term_string\"}}],\"inLanguage\":\"es\"}]}<\/script>\n<!-- \/ Yoast SEO plugin. -->","yoast_head_json":{"title":"Pol\u00edtica de privacidad - Infrisa Bermeo","robots":{"index":"index","follow":"follow","max-snippet":"max-snippet:-1","max-image-preview":"max-image-preview:large","max-video-preview":"max-video-preview:-1"},"canonical":"https:\/\/infrisabermeo.com\/es\/politica-de-privacidad\/","og_locale":"es_ES","og_type":"article","og_title":"Pol\u00edtica de privacidad - Infrisa Bermeo","og_url":"https:\/\/infrisabermeo.com\/es\/politica-de-privacidad\/","og_site_name":"Infrisa Bermeo","article_modified_time":"2025-09-29T07:14:08+00:00","twitter_card":"summary_large_image","twitter_misc":{"Tiempo de lectura":"5 minutos"},"schema":{"@context":"https:\/\/schema.org","@graph":[{"@type":"WebPage","@id":"https:\/\/infrisabermeo.com\/es\/politica-de-privacidad\/","url":"https:\/\/infrisabermeo.com\/es\/politica-de-privacidad\/","name":"Pol\u00edtica de privacidad - Infrisa Bermeo","isPartOf":{"@id":"http:\/\/infrisabermeo.com\/es\/#website"},"datePublished":"2018-09-11T13:55:18+00:00","dateModified":"2025-09-29T07:14:08+00:00","breadcrumb":{"@id":"https:\/\/infrisabermeo.com\/es\/politica-de-privacidad\/#breadcrumb"},"inLanguage":"es","potentialAction":[{"@type":"ReadAction","target":["https:\/\/infrisabermeo.com\/es\/politica-de-privacidad\/"]}]},{"@type":"BreadcrumbList","@id":"https:\/\/infrisabermeo.com\/es\/politica-de-privacidad\/#breadcrumb","itemListElement":[{"@type":"ListItem","position":1,"name":"Portada","item":"http:\/\/infrisabermeo.com\/es\/"},{"@type":"ListItem","position":2,"name":"Pol\u00edtica de privacidad"}]},{"@type":"WebSite","@id":"http:\/\/infrisabermeo.com\/es\/#website","url":"http:\/\/infrisabermeo.com\/es\/","name":"Infrisa Bermeo","description":"","potentialAction":[{"@type":"SearchAction","target":{"@type":"EntryPoint","urlTemplate":"http:\/\/infrisabermeo.com\/es\/?s={search_term_string}"},"query-input":{"@type":"PropertyValueSpecification","valueRequired":true,"valueName":"search_term_string"}}],"inLanguage":"es"}]}},"_links":{"self":[{"href":"http:\/\/infrisabermeo.com\/es\/wp-json\/wp\/v2\/pages\/6820","targetHints":{"allow":["GET"]}}],"collection":[{"href":"http:\/\/infrisabermeo.com\/es\/wp-json\/wp\/v2\/pages"}],"about":[{"href":"http:\/\/infrisabermeo.com\/es\/wp-json\/wp\/v2\/types\/page"}],"author":[{"embeddable":true,"href":"http:\/\/infrisabermeo.com\/es\/wp-json\/wp\/v2\/users\/3"}],"replies":[{"embeddable":true,"href":"http:\/\/infrisabermeo.com\/es\/wp-json\/wp\/v2\/comments?post=6820"}],"version-history":[{"count":15,"href":"http:\/\/infrisabermeo.com\/es\/wp-json\/wp\/v2\/pages\/6820\/revisions"}],"predecessor-version":[{"id":6933,"href":"http:\/\/infrisabermeo.com\/es\/wp-json\/wp\/v2\/pages\/6820\/revisions\/6933"}],"wp:attachment":[{"href":"http:\/\/infrisabermeo.com\/es\/wp-json\/wp\/v2\/media?parent=6820"}],"curies":[{"name":"wp","href":"https:\/\/api.w.org\/{rel}","templated":true}]}}